{"id":1125,"date":"2024-08-28T18:19:04","date_gmt":"2024-08-28T16:19:04","guid":{"rendered":"https:\/\/pvcpro.eu\/?post_type=product&#038;p=540"},"modified":"2026-03-18T16:58:18","modified_gmt":"2026-03-18T15:58:18","slug":"mounting-plate","status":"publish","type":"product","link":"https:\/\/pvcpro.eu\/en\/produkt\/blaszka-montazowa\/","title":{"rendered":"Mounting plate"},"content":{"rendered":"<p>[et_pb_section fb_built=&#8221;1&#8243; _builder_version=&#8221;4.16&#8243; custom_padding=&#8221;0px||||false|false&#8221; global_colors_info=&#8221;{}&#8221;][et_pb_row _builder_version=&#8221;4.16&#8243; background_size=&#8221;initial&#8221; background_position=&#8221;top_left&#8221; background_repeat=&#8221;repeat&#8221; width=&#8221;100%&#8221; custom_padding=&#8221;0px||0px||false|false&#8221; global_colors_info=&#8221;{}&#8221;][et_pb_column type=&#8221;4_4&#8243; _builder_version=&#8221;4.16&#8243; custom_padding=&#8221;|||&#8221; global_colors_info=&#8221;{}&#8221; custom_padding__hover=&#8221;|||&#8221;][et_pb_wc_breadcrumb _builder_version=&#8221;4.16&#8243; global_colors_info=&#8221;{}&#8221;][\/et_pb_wc_breadcrumb][et_pb_wc_cart_notice _builder_version=&#8221;4.16&#8243; global_colors_info=&#8221;{}&#8221;][\/et_pb_wc_cart_notice][\/et_pb_column][\/et_pb_row][et_pb_row _builder_version=&#8221;4.16&#8243; background_size=&#8221;initial&#8221; background_position=&#8221;top_left&#8221; background_repeat=&#8221;repeat&#8221; width=&#8221;100%&#8221; custom_padding=&#8221;0px||||false|false&#8221; global_colors_info=&#8221;{}&#8221; column_structure=&#8221;1_2,1_2&#8243;][et_pb_column type=&#8221;1_2&#8243; _builder_version=&#8221;4.16&#8243; custom_padding=&#8221;|||&#8221; global_colors_info=&#8221;{}&#8221; custom_padding__hover=&#8221;|||&#8221;][et_pb_wc_images _builder_version=&#8221;4.16&#8243; global_colors_info=&#8221;{}&#8221;][\/et_pb_wc_images][\/et_pb_column][et_pb_column type=&#8221;1_2&#8243; _builder_version=&#8221;4.16&#8243; custom_padding=&#8221;|||&#8221; global_colors_info=&#8221;{}&#8221; custom_padding__hover=&#8221;|||&#8221;][et_pb_wc_title _builder_version=&#8221;4.27.5&#8243; hover_enabled=&#8221;0&#8243; global_colors_info=&#8221;{}&#8221; header_font_size=&#8221;40px&#8221; header_font=&#8221;|700|||||||&#8221; sticky_enabled=&#8221;0&#8243; custom_margin=&#8221;||15px||false|false&#8221;][\/et_pb_wc_title][et_pb_wc_meta _builder_version=&#8221;4.27.5&#8243; hover_enabled=&#8221;0&#8243; global_colors_info=&#8221;{}&#8221; body_font_size=&#8221;16px&#8221; custom_padding=&#8221;10px||||false|false&#8221; sticky_enabled=&#8221;0&#8243;][\/et_pb_wc_meta][et_pb_wc_price _builder_version=&#8221;4.27.5&#8243; hover_enabled=&#8221;0&#8243; global_colors_info=&#8221;{}&#8221; body_font_size=&#8221;20px&#8221; sticky_enabled=&#8221;0&#8243;][\/et_pb_wc_price][et_pb_wc_description _builder_version=&#8221;4.16&#8243; global_colors_info=&#8221;{}&#8221;][\/et_pb_wc_description][et_pb_wc_add_to_cart _builder_version=&#8221;4.27.5&#8243; hover_enabled=&#8221;0&#8243; global_colors_info=&#8221;{}&#8221; module_class=&#8221;produktuklad&#8221; fields_background_color=&#8221;#FFFFFF&#8221; border_radii_fields=&#8221;on|4px|4px|4px|4px&#8221; border_width_all_fields=&#8221;1px&#8221; border_color_all_fields=&#8221;#d6d6d6&#8243; custom_button=&#8221;on&#8221; button_icon=&#8221;&#xe015;||divi||400&#8243; sticky_enabled=&#8221;0&#8243;][\/et_pb_wc_add_to_cart][\/et_pb_column][\/et_pb_row][et_pb_row _builder_version=&#8221;4.16&#8243; background_size=&#8221;initial&#8221; background_position=&#8221;top_left&#8221; background_repeat=&#8221;repeat&#8221; width=&#8221;100%&#8221; global_colors_info=&#8221;{}&#8221;][et_pb_column type=&#8221;4_4&#8243; _builder_version=&#8221;4.16&#8243; custom_padding=&#8221;|||&#8221; global_colors_info=&#8221;{}&#8221; custom_padding__hover=&#8221;|||&#8221;][et_pb_wc_tabs _builder_version=&#8221;4.16&#8243; global_colors_info=&#8221;{}&#8221;]\t\t\t\t\t[\/et_pb_wc_tabs][et_pb_wc_upsells _builder_version=&#8221;4.16&#8243; global_colors_info=&#8221;{}&#8221;][\/et_pb_wc_upsells][et_pb_wc_related_products _builder_version=&#8221;4.16&#8243; global_colors_info=&#8221;{}&#8221;][\/et_pb_wc_related_products][\/et_pb_column][\/et_pb_row][\/et_pb_section]<\/p>\n","protected":false},"excerpt":{"rendered":"","protected":false},"featured_media":2767,"template":"","meta":{"_et_pb_use_builder":"on","_et_pb_old_content":"<h2>Blaszka monta\u017cowa<\/h2>\r\nP\u0142ytka mocuj\u0105ca ze stali nierdzewnej.\r\n\r\nUmo\u017cliwia szybkie i bezpieczne zamocowanie zas\u0142ony PCV na wieszaku grzebieniowym.","_et_gb_content_width":"","_monsterinsights_skip_tracking":false,"_monsterinsights_sitenote_active":false,"_monsterinsights_sitenote_note":"","_monsterinsights_sitenote_category":0},"product_brand":[],"product_cat":[53],"product_tag":[],"class_list":{"0":"post-1125","1":"product","2":"type-product","3":"status-publish","4":"has-post-thumbnail","6":"product_cat-blaszki","8":"first","9":"instock","10":"taxable","11":"shipping-taxable","12":"purchasable","13":"product-type-variable"},"yoast_head":"<!-- This site is optimized with the Yoast SEO Premium plugin v26.5 (Yoast SEO v27.5) - https:\/\/yoast.com\/product\/yoast-seo-premium-wordpress\/ -->\n<title>Blaszka Monta\u017cowa \u2013 Szybkie Mocowanie Zas\u0142on PCV<\/title>\n<meta name=\"description\" content=\"Blaszka monta\u017cowa ze stali nierdzewnej. Umo\u017cliwia szybkie i bezpieczne zamocowanie zas\u0142on PCV na wieszaku grzebieniowym. Sprawd\u017a ofert\u0119!\" \/>\n<meta name=\"robots\" content=\"index, follow, max-snippet:-1, max-image-preview:large, max-video-preview:-1\" \/>\n<link rel=\"canonical\" href=\"https:\/\/pvcpro.eu\/en\/pro-duct\/mounting-plate\/\" \/>\n<meta property=\"og:locale\" content=\"en_GB\" \/>\n<meta property=\"og:type\" content=\"article\" \/>\n<meta property=\"og:title\" content=\"Blaszka Monta\u017cowa \u2013 Szybkie Mocowanie Zas\u0142on PCV\" \/>\n<meta property=\"og:description\" content=\"Blaszka monta\u017cowa ze stali nierdzewnej. Umo\u017cliwia szybkie i bezpieczne zamocowanie zas\u0142on PCV na wieszaku grzebieniowym. Sprawd\u017a ofert\u0119!\" \/>\n<meta property=\"og:url\" content=\"https:\/\/pvcpro.eu\/en\/pro-duct\/mounting-plate\/\" \/>\n<meta property=\"og:site_name\" content=\"PVC PRO\" \/>\n<meta property=\"article:publisher\" content=\"https:\/\/www.facebook.com\/people\/PVC-PRO\/61580923116227\" \/>\n<meta property=\"article:modified_time\" content=\"2026-03-18T15:58:18+00:00\" \/>\n<meta property=\"og:image\" content=\"https:\/\/pvcpro.eu\/wp-content\/uploads\/2024\/08\/akcesoria-do-kurtyn-paskowych-plytki-mocujace-blaszki-2-1.webp\" \/>\n\t<meta property=\"og:image:width\" content=\"600\" \/>\n\t<meta property=\"og:image:height\" content=\"600\" \/>\n\t<meta property=\"og:image:type\" content=\"image\/webp\" \/>\n<meta name=\"twitter:card\" content=\"summary_large_image\" \/>\n<meta name=\"twitter:title\" content=\"Blaszka monta\u017cowa\" \/>\n<meta name=\"twitter:label1\" content=\"Estimated reading time\" \/>\n\t<meta name=\"twitter:data1\" content=\"1 minute\" \/>\n<script type=\"application\/ld+json\" class=\"yoast-schema-graph\">{\"@context\":\"https:\\\/\\\/schema.org\",\"@graph\":[{\"@type\":\"WebPage\",\"@id\":\"https:\\\/\\\/pvcpro.eu\\\/it\\\/pro-dotto\\\/piastra-di-montaggio\\\/\",\"url\":\"https:\\\/\\\/pvcpro.eu\\\/it\\\/pro-dotto\\\/piastra-di-montaggio\\\/\",\"name\":\"Blaszka Monta\u017cowa \u2013 Szybkie Mocowanie Zas\u0142on PCV\",\"isPartOf\":{\"@id\":\"https:\\\/\\\/pvcpro.eu\\\/en\\\/#website\"},\"primaryImageOfPage\":{\"@id\":\"https:\\\/\\\/pvcpro.eu\\\/it\\\/pro-dotto\\\/piastra-di-montaggio\\\/#primaryimage\"},\"image\":{\"@id\":\"https:\\\/\\\/pvcpro.eu\\\/it\\\/pro-dotto\\\/piastra-di-montaggio\\\/#primaryimage\"},\"thumbnailUrl\":\"https:\\\/\\\/pvcpro.eu\\\/wp-content\\\/uploads\\\/2024\\\/08\\\/akcesoria-do-kurtyn-paskowych-plytki-mocujace-blaszki-2-1.webp\",\"datePublished\":\"2024-08-28T16:19:04+00:00\",\"dateModified\":\"2026-03-18T15:58:18+00:00\",\"description\":\"Blaszka monta\u017cowa ze stali nierdzewnej. Umo\u017cliwia szybkie i bezpieczne zamocowanie zas\u0142on PCV na wieszaku grzebieniowym. Sprawd\u017a ofert\u0119!\",\"breadcrumb\":{\"@id\":\"https:\\\/\\\/pvcpro.eu\\\/it\\\/pro-dotto\\\/piastra-di-montaggio\\\/#breadcrumb\"},\"inLanguage\":\"en-GB\",\"potentialAction\":[{\"@type\":\"ReadAction\",\"target\":[\"https:\\\/\\\/pvcpro.eu\\\/it\\\/pro-dotto\\\/piastra-di-montaggio\\\/\"]}]},{\"@type\":\"ImageObject\",\"inLanguage\":\"en-GB\",\"@id\":\"https:\\\/\\\/pvcpro.eu\\\/it\\\/pro-dotto\\\/piastra-di-montaggio\\\/#primaryimage\",\"url\":\"https:\\\/\\\/pvcpro.eu\\\/wp-content\\\/uploads\\\/2024\\\/08\\\/akcesoria-do-kurtyn-paskowych-plytki-mocujace-blaszki-2-1.webp\",\"contentUrl\":\"https:\\\/\\\/pvcpro.eu\\\/wp-content\\\/uploads\\\/2024\\\/08\\\/akcesoria-do-kurtyn-paskowych-plytki-mocujace-blaszki-2-1.webp\",\"width\":600,\"height\":600},{\"@type\":\"BreadcrumbList\",\"@id\":\"https:\\\/\\\/pvcpro.eu\\\/it\\\/pro-dotto\\\/piastra-di-montaggio\\\/#breadcrumb\",\"itemListElement\":[{\"@type\":\"ListItem\",\"position\":1,\"name\":\"Home\",\"item\":\"https:\\\/\\\/pvcpro.eu\\\/\"},{\"@type\":\"ListItem\",\"position\":2,\"name\":\"Sklep\",\"item\":\"https:\\\/\\\/pvcpro.eu\\\/sklep\\\/\"},{\"@type\":\"ListItem\",\"position\":3,\"name\":\"Blaszka monta\u017cowa\"}]},{\"@type\":\"WebSite\",\"@id\":\"https:\\\/\\\/pvcpro.eu\\\/en\\\/#website\",\"url\":\"https:\\\/\\\/pvcpro.eu\\\/en\\\/\",\"name\":\"PVC PRO\",\"description\":\"Producent kurtyn paskowych\",\"publisher\":{\"@id\":\"https:\\\/\\\/pvcpro.eu\\\/en\\\/#organization\"},\"potentialAction\":[{\"@type\":\"SearchAction\",\"target\":{\"@type\":\"EntryPoint\",\"urlTemplate\":\"https:\\\/\\\/pvcpro.eu\\\/en\\\/?s={search_term_string}\"},\"query-input\":{\"@type\":\"PropertyValueSpecification\",\"valueRequired\":true,\"valueName\":\"search_term_string\"}}],\"inLanguage\":\"en-GB\"},{\"@type\":\"Organization\",\"@id\":\"https:\\\/\\\/pvcpro.eu\\\/en\\\/#organization\",\"name\":\"PVC PRO\",\"url\":\"https:\\\/\\\/pvcpro.eu\\\/en\\\/\",\"logo\":{\"@type\":\"ImageObject\",\"inLanguage\":\"en-GB\",\"@id\":\"https:\\\/\\\/pvcpro.eu\\\/en\\\/#\\\/schema\\\/logo\\\/image\\\/\",\"url\":\"https:\\\/\\\/pvcpro.eu\\\/wp-content\\\/uploads\\\/2025\\\/08\\\/pvc-pro-logo.png\",\"contentUrl\":\"https:\\\/\\\/pvcpro.eu\\\/wp-content\\\/uploads\\\/2025\\\/08\\\/pvc-pro-logo.png\",\"width\":275,\"height\":55,\"caption\":\"PVC PRO\"},\"image\":{\"@id\":\"https:\\\/\\\/pvcpro.eu\\\/en\\\/#\\\/schema\\\/logo\\\/image\\\/\"},\"sameAs\":[\"https:\\\/\\\/www.facebook.com\\\/people\\\/PVC-PRO\\\/61580923116227\"]}]}<\/script>\n<!-- \/ Yoast SEO Premium plugin. -->","yoast_head_json":{"title":"Mounting Plate \u2013 Quick Fixing of PVC Curtains","description":"Stainless steel mounting plate. Allows for quick and secure attachment of PVC curtains to a comb hanger. Check out our offer!","robots":{"index":"index","follow":"follow","max-snippet":"max-snippet:-1","max-image-preview":"max-image-preview:large","max-video-preview":"max-video-preview:-1"},"canonical":"https:\/\/pvcpro.eu\/en\/pro-duct\/mounting-plate\/","og_locale":"en_GB","og_type":"article","og_title":"Blaszka Monta\u017cowa \u2013 Szybkie Mocowanie Zas\u0142on PCV","og_description":"Blaszka monta\u017cowa ze stali nierdzewnej. Umo\u017cliwia szybkie i bezpieczne zamocowanie zas\u0142on PCV na wieszaku grzebieniowym. Sprawd\u017a ofert\u0119!","og_url":"https:\/\/pvcpro.eu\/en\/pro-duct\/mounting-plate\/","og_site_name":"PVC PRO","article_publisher":"https:\/\/www.facebook.com\/people\/PVC-PRO\/61580923116227","article_modified_time":"2026-03-18T15:58:18+00:00","og_image":[{"width":600,"height":600,"url":"https:\/\/pvcpro.eu\/wp-content\/uploads\/2024\/08\/akcesoria-do-kurtyn-paskowych-plytki-mocujace-blaszki-2-1.webp","type":"image\/webp"}],"twitter_card":"summary_large_image","twitter_title":"Blaszka monta\u017cowa","twitter_misc":{"Estimated reading time":"1 minute"},"schema":{"@context":"https:\/\/schema.org","@graph":[{"@type":"WebPage","@id":"https:\/\/pvcpro.eu\/it\/pro-dotto\/piastra-di-montaggio\/","url":"https:\/\/pvcpro.eu\/it\/pro-dotto\/piastra-di-montaggio\/","name":"Mounting Plate \u2013 Quick Fixing of PVC Curtains","isPartOf":{"@id":"https:\/\/pvcpro.eu\/en\/#website"},"primaryImageOfPage":{"@id":"https:\/\/pvcpro.eu\/it\/pro-dotto\/piastra-di-montaggio\/#primaryimage"},"image":{"@id":"https:\/\/pvcpro.eu\/it\/pro-dotto\/piastra-di-montaggio\/#primaryimage"},"thumbnailUrl":"https:\/\/pvcpro.eu\/wp-content\/uploads\/2024\/08\/akcesoria-do-kurtyn-paskowych-plytki-mocujace-blaszki-2-1.webp","datePublished":"2024-08-28T16:19:04+00:00","dateModified":"2026-03-18T15:58:18+00:00","description":"Stainless steel mounting plate. Allows for quick and secure attachment of PVC curtains to a comb hanger. Check out our offer!","breadcrumb":{"@id":"https:\/\/pvcpro.eu\/it\/pro-dotto\/piastra-di-montaggio\/#breadcrumb"},"inLanguage":"en-GB","potentialAction":[{"@type":"ReadAction","target":["https:\/\/pvcpro.eu\/it\/pro-dotto\/piastra-di-montaggio\/"]}]},{"@type":"ImageObject","inLanguage":"en-GB","@id":"https:\/\/pvcpro.eu\/it\/pro-dotto\/piastra-di-montaggio\/#primaryimage","url":"https:\/\/pvcpro.eu\/wp-content\/uploads\/2024\/08\/akcesoria-do-kurtyn-paskowych-plytki-mocujace-blaszki-2-1.webp","contentUrl":"https:\/\/pvcpro.eu\/wp-content\/uploads\/2024\/08\/akcesoria-do-kurtyn-paskowych-plytki-mocujace-blaszki-2-1.webp","width":600,"height":600},{"@type":"BreadcrumbList","@id":"https:\/\/pvcpro.eu\/it\/pro-dotto\/piastra-di-montaggio\/#breadcrumb","itemListElement":[{"@type":"ListItem","position":1,"name":"Home","item":"https:\/\/pvcpro.eu\/"},{"@type":"ListItem","position":2,"name":"Sklep","item":"https:\/\/pvcpro.eu\/sklep\/"},{"@type":"ListItem","position":3,"name":"Blaszka monta\u017cowa"}]},{"@type":"WebSite","@id":"https:\/\/pvcpro.eu\/en\/#website","url":"https:\/\/pvcpro.eu\/en\/","name":"PVC PRO","description":"Manufacturer of strip curtains","publisher":{"@id":"https:\/\/pvcpro.eu\/en\/#organization"},"potentialAction":[{"@type":"SearchAction","target":{"@type":"EntryPoint","urlTemplate":"https:\/\/pvcpro.eu\/en\/?s={search_term_string}"},"query-input":{"@type":"PropertyValueSpecification","valueRequired":true,"valueName":"search_term_string"}}],"inLanguage":"en-GB"},{"@type":"Organization","@id":"https:\/\/pvcpro.eu\/en\/#organization","name":"PVC PRO","url":"https:\/\/pvcpro.eu\/en\/","logo":{"@type":"ImageObject","inLanguage":"en-GB","@id":"https:\/\/pvcpro.eu\/en\/#\/schema\/logo\/image\/","url":"https:\/\/pvcpro.eu\/wp-content\/uploads\/2025\/08\/pvc-pro-logo.png","contentUrl":"https:\/\/pvcpro.eu\/wp-content\/uploads\/2025\/08\/pvc-pro-logo.png","width":275,"height":55,"caption":"PVC PRO"},"image":{"@id":"https:\/\/pvcpro.eu\/en\/#\/schema\/logo\/image\/"},"sameAs":["https:\/\/www.facebook.com\/people\/PVC-PRO\/61580923116227"]}]}},"jetpack_sharing_enabled":true,"_links":{"self":[{"href":"https:\/\/pvcpro.eu\/en\/wp-json\/wp\/v2\/product\/1125","targetHints":{"allow":["GET"]}}],"collection":[{"href":"https:\/\/pvcpro.eu\/en\/wp-json\/wp\/v2\/product"}],"about":[{"href":"https:\/\/pvcpro.eu\/en\/wp-json\/wp\/v2\/types\/product"}],"wp:featuredmedia":[{"embeddable":true,"href":"https:\/\/pvcpro.eu\/en\/wp-json\/wp\/v2\/media\/2767"}],"wp:attachment":[{"href":"https:\/\/pvcpro.eu\/en\/wp-json\/wp\/v2\/media?parent=1125"}],"wp:term":[{"taxonomy":"product_brand","embeddable":true,"href":"https:\/\/pvcpro.eu\/en\/wp-json\/wp\/v2\/product_brand?post=1125"},{"taxonomy":"product_cat","embeddable":true,"href":"https:\/\/pvcpro.eu\/en\/wp-json\/wp\/v2\/product_cat?post=1125"},{"taxonomy":"product_tag","embeddable":true,"href":"https:\/\/pvcpro.eu\/en\/wp-json\/wp\/v2\/product_tag?post=1125"}],"curies":[{"name":"wp","href":"https:\/\/api.w.org\/{rel}","templated":true}]}}